{"id":3,"date":"2022-01-26T10:24:28","date_gmt":"2022-01-26T10:24:28","guid":{"rendered":"http:\/\/kanbanbox.local\/?page_id=3"},"modified":"2024-07-15T12:03:52","modified_gmt":"2024-07-15T10:03:52","slug":"privacy-policy","status":"publish","type":"page","link":"https:\/\/www.kanbanbox.com\/it\/privacy-policy\/","title":{"rendered":"Privacy Policy"},"content":{"rendered":"<div>\n<h3>Informativa sul trattamento dei dati personali Art. 13 Reg. (UE) 2016\/679<\/h3>\n<p>In adempimento all\u2019art. 13 del Regolamento (UE) 2016\/679 (\u201cGDPR\u201d) si rendono agli utenti del sito web raggiungibile all\u2019indirizzo <a href=\"https:\/\/www.kanbanbox.com\">www.kanbanbox.com<\/a> (\u201cSito\u201d) le seguenti informazioni, che si riferiscono esclusivamente al trattamento eseguito attraverso detto Sito e non tramite altri siti web eventualmente visitati tramite link presenti sul Sito, per i quali ciascun visitatore vorr\u00e0 prendere visione delle relative informative rese dai rispettivi titolari.<\/p>\n<h3 style=\"padding-top: 2rem; display: block !important;\">TITOLARE DEL TRATTAMENTO E SUOI DATI DI CONTATTO KANBANBOX S.R.L.<\/h3>\n<p>C.F.\/P. IVA 04520390289, con sede in 36100 Vicenza, Via Zamenhof 817 \u2013 tel. +39 (0)4441620653 \u2013 e-mail privacy@kanbanbox.com.<\/p>\n<h3 style=\"padding-top: 2rem; display: block !important;\">CATEGORIE DI DATI TRATTATI, FINALIT\u00c0 e BASE GIURIDICA DEL TRATTAMENTO<\/h3>\n<ol style=\"padding-left: 3rem;\">\n<li>\n<h4 style=\"padding-top: 2rem; display: block !important;\">A. CATEGORIE DI DATI TRATTATI<\/h4>\n<ol style=\"list-style-type: number; padding-left: 3rem;\">\n<li>Nome, cognome, indirizzo e- mail, numero di telefono dati personali eventualmente inclusi nel messaggio.<\/li>\n<li>Dati di navigazione (dati personali la cui trasmissione \u00e8 implicita nell\u2019uso dei protocolli di comunicazione di Internet, per esempio gli indirizzi IP o i nomi a dominio dei computer utilizzati dagli utenti, l\u2019orario della richiesta ed altri parametri relativi al sistema operativo e all\u2019ambiente informatico dell\u2019utente).<\/li>\n<li>Nome, cognome, indirizzo e- mail, numero di telefono, eventuale societ\u00e0 di appartenenza, timezone, username, password.<\/li>\n<li>Nome, cognome, indirizzo e-mail, numero di telefono, curriculum vitae, dati personali eventualmente inclusi nella cover letter.<\/li>\n<li>Nome, cognome, indirizzo e- mail.<\/li>\n<\/ol>\n<\/li>\n<li>\n<h4 style=\"padding-top: 2rem; display: block !important;\">B. FINALIT\u00c0<\/h4>\n<ol style=\"list-style-type: number; padding-left: 3rem;\">\n<li>Riscontrare le richieste dell\u2019utente inviate tramite le modalit\u00e0 di interazione presenti sul Sito, oppure agli indirizzi e-mail presenti sul Sito (es. formulario di contatto, richiesta di demo, formulario per partners).<\/li>\n<li>Consentire la navigazione sul Sito da parte dell\u2019utente.<\/li>\n<li>Consentire la creazione di un account personale dell\u2019utente sul Sito, anche al fine di richiedere una demo.<\/li>\n<li>Invio di candidature spontanee tramite le modalit\u00e0 di comunicazioni presenti sul Sito.<\/li>\n<li>Attivit\u00e0 di marketing diretto attraverso l\u2019invio di comunicazioni o materiale (es. tramite e-mail, newsletter) rispetto a prodotti\/servizi simili a quelli per cui l\u2019utente ha richiesto informazioni tramite il Sito.<\/li>\n<\/ol>\n<\/li>\n<li>\n<h4 style=\"padding-top: 2rem; display: block !important;\">C. BASE GIURIDICA<\/h4>\n<ol style=\"padding-left: 3rem;\">\n<li>1., 2., 3. e 4. Esecuzione di un contratto di cui l\u2019interessato \u00e8 parte\/esecuzione di misure precontrattuali adottate su richiesta dello stesso &#8211; art. 6.1.(b) GDPR.<\/li>\n<li>5. Legittimo interesse del titolare del trattamento art. 6.1.(f) GDPR. Il legittimo interesse del titolare del trattamento viene individuato nella promozione della propria attivit\u00e0 mediante marketing direttosi veda il Considerando n. 47 GDPR.<\/li>\n<\/ol>\n<\/li>\n<\/ol>\n<p><strong>Tramite il Sito non vengono trattati dati sensibili (ovvero quelli riguardanti il credo religioso, l\u2019appartenenza sindacale, le preferenze sessuali e gli altri indicati dall\u2019art. 9 GDPR) e preghiamo tutti gli utenti di non includerne gi\u00e0 nella fase di invio di un contatto tramite il Sito, o in altre forme di interazione previste dal Sito.<\/strong><\/p>\n<h3 style=\"padding-top: 2rem; display: block !important;\">OBBLIGATORIET\u00c0 DEL CONFERIMENTO<\/h3>\n<p>Il conferimento dei dati per finalit\u00e0 di marketing \u00e8 facoltativo e il mancato conferimento e\/o la richiesta di non utilizzarli per le finalit\u00e0 di marketing diretto non incideranno sulla possibilit\u00e0 di navigare sul Sito e\/o di inviare messaggi, richieste e candidature tramite il Sito. Il conferimento degli altri dati \u00e8 necessario per la navigazione e\/o per l\u2019invio di messaggi, richieste e candidature tramite il Sito. La mancata trasmissione degli stessi pu\u00f2 comportare l\u2019impossibilit\u00e0 di navigare sul Sito e\/o l\u2019impossibilit\u00e0 di dare seguito a messaggi, richieste o candidature dell\u2019interessato.<\/p>\n<h3 style=\"padding-top: 2rem; display: block !important;\">EVENTUALI DESTINATARI DEI DATI PERSONALI<\/h3>\n<p>I dati potranno essere comunicati a (i) terzi che operano, anche in nome e conto del Titolare, per l\u2019evasione delle prestazioni connesse alle finalit\u00e0 indicate nella presente informativa, ed in particolare la gestione e manutenzione del Sito, le attivit\u00e0 di promozione, la condivisione di informazioni su prodotti e\/o servizi del Titolare etc.; (ii) altre societ\u00e0 collegate al Titolare, (iii) consulenti del Titolare; (iv) autorit\u00e0 ed enti pubblici nei cui confronti la comunicazione sia obbligatoria. In alcuni casi i dati personali potrebbero essere processati dal Titolare mediante servizi di terzi che prevedono il loro possibile trasferimento al di fuori dello Spazio Economico Europeo (SEE) (es. Microsoft 365). In questi casi, il Titolare si impegna a selezionare fornitori di primaria reputazione e a verificare il loro impegno a rispettare le previsioni del GDPR in relazione ai trasferimenti dei dati personali al di fuori dello SEE.<\/p>\n<h3 style=\"padding-top: 2rem; display: block !important;\">PERIODO DI CONSERVAZIONE<\/h3>\n<p>I dati sono conservati per un massimo di 10 (dieci) anni a far data dall\u2019ultima interazione con l\u2019utente, in considerazione del termine di prescrizione di eventuali pretese nascenti dal rapporto intercorso tra Titolare e utente, previsto dalla legge. I dati di navigazione saranno conservati per il tempo tecnico necessario all\u2019evasione delle funzioni per cui sono stati raccolti.<\/p>\n<h3 style=\"padding-top: 2rem; display: block !important;\">DIRITTI DELL\u2019INTERESSATO<\/h3>\n<p>In ogni momento ciascun utente potr\u00e0 far valere nei confronti del Titolare i diritti previsti dagli artt. da 15 a 22 GDPR, ovvero il diritto di richiedere:<\/p>\n<ol style=\"list-style-type: lower-alpha; padding-left: 3rem;\">\n<li>l\u2019accesso ai dati personali, ovvero di conoscere i propri dati personali conservati dal Titolare, le finalit\u00e0 per cui sono trattati, la loro origine e le altre informazioni previste dall\u2019art. 15 GDPR;<\/li>\n<li>la rettifica dei dati personali in caso di inesattezza degli stessi;<\/li>\n<li>la cancellazione dei dati personali (c.d. \u2018diritto all\u2019oblio\u2019);<\/li>\n<li>la limitazione del trattamento dei dati personali, ovvero il diritto di ottenere la sospensione del trattamento dei dati personali per il periodo necessario a verificare la richiesta di correzione dei dati personali, oppure negli altri casi previsti dall\u2019art. 18 GDPR.<\/li>\n<li>la portabilit\u00e0 dei dati, ossia di ricevere in un formato strutturato, di uso comune e leggibile da dispositivo automatico, i dati personali anche chiedendone il diretto trasferimento ad altro titolare (rispetto a quei dati il cui trattamento sia effettuato con mezzi automatizzati);<\/li>\n<li>il diritto di chiedere al titolare di astenersi dal trattamento dei dati ai sensi dell\u2019articolo 6, paragrafo 1, lettere e) o f) GDPR (diritto di opposizione);<\/li>\n<li>il diritto di proporre reclamo ai sensi degli artt. 77 e seguenti del GDPR ad un\u2019autorit\u00e0 di controllo, che per lo Stato italiano \u00e8 individuato nel Garante per la protezione dei dati personali. Le modalit\u00e0 di reclamo sono indicate a questo link: <a href=\"https:\/\/www.garanteprivacy.it\/web\/guest\/home\/docweb\/-\/docweb-display\/docweb\/4535524\" target=\"__blank\" rel=\"noopener\">https:\/\/www.garanteprivacy.it\/web\/guest\/home\/docweb\/-\/docweb-display\/docweb\/4535524<\/a><\/li>\n<\/ol>\n<h3 style=\"padding-top: 2rem; display: block !important;\">MODIFICHE A QUESTA INFORMATIVA<\/h3>\n<p>La presente privacy policy pu\u00f2 subire modifiche nel tempo anche connesse all\u2019eventuale entrata in vigore di nuove normative di settore, all\u2019aggiornamento o erogazione di nuovi servizi ovvero ad intervenute innovazioni tecnologiche. Le modifiche all\u2019informativa diventano applicabili nel momento della loro pubblicazione sul Sito, fermo restando che il Titolare non potr\u00e0 utilizzare i dati raccolti in precedenza per trattamenti per finalit\u00e0 ulteriori rispetto a quelle qui descritte, senza informare l\u2019utente.<\/p>\n<p>&nbsp;<\/p>\n<p>Ultimo aggiornamento: giugno 2023<\/p>\n<p>Link alla cookie policy: <a href=\"https:\/\/www.kanbanbox.com\/it\/cookie-policy\/\">https:\/\/www.kanbanbox.com\/it\/cookie-policy\/<\/a><\/p>\n<\/div>\n","protected":false},"excerpt":{"rendered":"<p>Informativa sul trattamento dei dati personali Art. 13 Reg. (UE) 2016\/679 In adempimento all\u2019art. 13 del Regolamento (UE) 2016\/679 (\u201cGDPR\u201d) si rendono agli utenti del sito web raggiungibile all\u2019indirizzo www.kanbanbox.com (\u201cSito\u201d) le seguenti informazioni, che si riferiscono esclusivamente al trattamento eseguito attraverso detto Sito e non tramite altri siti web eventualmente visitati tramite link presenti [&hellip;]<\/p>\n","protected":false},"author":1,"featured_media":0,"parent":0,"menu_order":0,"comment_status":"closed","ping_status":"open","template":"page-privacy.php","meta":{"_acf_changed":false,"inline_featured_image":false,"footnotes":""},"class_list":["post-3","page","type-page","status-publish","hentry"],"acf":[],"_links":{"self":[{"href":"https:\/\/www.kanbanbox.com\/it\/wp-json\/wp\/v2\/pages\/3","targetHints":{"allow":["GET"]}}],"collection":[{"href":"https:\/\/www.kanbanbox.com\/it\/wp-json\/wp\/v2\/pages"}],"about":[{"href":"https:\/\/www.kanbanbox.com\/it\/wp-json\/wp\/v2\/types\/page"}],"author":[{"embeddable":true,"href":"https:\/\/www.kanbanbox.com\/it\/wp-json\/wp\/v2\/users\/1"}],"replies":[{"embeddable":true,"href":"https:\/\/www.kanbanbox.com\/it\/wp-json\/wp\/v2\/comments?post=3"}],"version-history":[{"count":43,"href":"https:\/\/www.kanbanbox.com\/it\/wp-json\/wp\/v2\/pages\/3\/revisions"}],"predecessor-version":[{"id":12678,"href":"https:\/\/www.kanbanbox.com\/it\/wp-json\/wp\/v2\/pages\/3\/revisions\/12678"}],"wp:attachment":[{"href":"https:\/\/www.kanbanbox.com\/it\/wp-json\/wp\/v2\/media?parent=3"}],"curies":[{"name":"wp","href":"https:\/\/api.w.org\/{rel}","templated":true}]}}